{"id":2,"date":"2024-05-23T06:58:46","date_gmt":"2024-05-23T06:58:46","guid":{"rendered":"https:\/\/learnwebmastery.com\/?page_id=2"},"modified":"2024-10-25T15:41:31","modified_gmt":"2024-10-25T15:41:31","slug":"sample-page","status":"publish","type":"page","link":"https:\/\/learnwebmastery.com\/en\/","title":{"rendered":"Become familiar with your website &amp; webshop and achieve greater independence"},"content":{"rendered":"<div class=\"wp-block-group has-global-padding is-layout-constrained wp-block-group-is-layout-constrained\">\n<p>Are you also tired of spending thousands of kroner on a professional website that you are not really 100% satisfied with, not to mention the waiting time when you want to change or add something. Why not do it yourself, today it has become so easy to make websites that with a little guidance you can have a professional quality website up and running in less than a day&#039;s work without spending more than what web hosting costs anyway.<\/p>\n\n\n\n<figure class=\"wp-block-image alignright size-medium\"><img loading=\"lazy\" decoding=\"async\" width=\"300\" height=\"300\" src=\"https:\/\/learnwebmastery.com\/wp-content\/uploads\/2024\/06\/cropped-favicon-300x300.webp\" alt=\"Bliv mester i din hjemmeside\" class=\"wp-image-18\" srcset=\"https:\/\/learnwebmastery.com\/wp-content\/uploads\/2024\/06\/cropped-favicon-300x300.webp 300w, https:\/\/learnwebmastery.com\/wp-content\/uploads\/2024\/06\/cropped-favicon-150x150.webp 150w, https:\/\/learnwebmastery.com\/wp-content\/uploads\/2024\/06\/cropped-favicon-12x12.webp 12w, https:\/\/learnwebmastery.com\/wp-content\/uploads\/2024\/06\/cropped-favicon-270x270.webp 270w, https:\/\/learnwebmastery.com\/wp-content\/uploads\/2024\/06\/cropped-favicon-192x192.webp 192w, https:\/\/learnwebmastery.com\/wp-content\/uploads\/2024\/06\/cropped-favicon-180x180.webp 180w, https:\/\/learnwebmastery.com\/wp-content\/uploads\/2024\/06\/cropped-favicon-32x32.webp 32w, https:\/\/learnwebmastery.com\/wp-content\/uploads\/2024\/06\/cropped-favicon.webp 512w\" sizes=\"auto, (max-width: 300px) 100vw, 300px\" \/><\/figure>\n\n\n\n<h3 class=\"wp-block-heading\">Become self-reliant on your website<\/h3>\n\n\n\n<p>My most prestigious task is to help smaller and start-up companies to become confident, independent and independent of expensive web agencies, so do it yourself and avoid being cheated, why settle for a mediocre solution when you can create a completely customized solution that you have fully control over.<\/p>\n<\/div>\n\n\n\n<blockquote class=\"wp-block-quote is-layout-flow wp-block-quote-is-layout-flow\">\n<p>You don&#039;t need a long education to learn how to manage, optimize and make changes to your website and webshop<\/p>\n<\/blockquote>\n\n\n\n<p>If you want to hear more about how you can quickly and safely get started on becoming an expert in your website and webshop, book an interview.<\/p>","protected":false},"excerpt":{"rendered":"<p>Er du ogs\u00e5 tr\u00e6t af at spendere tusindvis af kroner p\u00e5 en professionel hjemmeside som du egentlig ikke er 100% tilfreds med, for ikke at tale om ventetiden n\u00e5r du vil have \u00e6ndret eller tilf\u00f8jet noget. Hvorfor ikke g\u00f8re det selv, det er i dag blevet s\u00e5 let at lave hjemmesider, at du med lidt [&hellip;]<\/p>\n","protected":false},"author":1,"featured_media":0,"parent":0,"menu_order":0,"comment_status":"closed","ping_status":"open","template":"","meta":{"footnotes":""},"class_list":["post-2","page","type-page","status-publish","hentry"],"_links":{"self":[{"href":"https:\/\/learnwebmastery.com\/en\/wp-json\/wp\/v2\/pages\/2","targetHints":{"allow":["GET"]}}],"collection":[{"href":"https:\/\/learnwebmastery.com\/en\/wp-json\/wp\/v2\/pages"}],"about":[{"href":"https:\/\/learnwebmastery.com\/en\/wp-json\/wp\/v2\/types\/page"}],"author":[{"embeddable":true,"href":"https:\/\/learnwebmastery.com\/en\/wp-json\/wp\/v2\/users\/1"}],"replies":[{"embeddable":true,"href":"https:\/\/learnwebmastery.com\/en\/wp-json\/wp\/v2\/comments?post=2"}],"version-history":[{"count":3,"href":"https:\/\/learnwebmastery.com\/en\/wp-json\/wp\/v2\/pages\/2\/revisions"}],"predecessor-version":[{"id":37,"href":"https:\/\/learnwebmastery.com\/en\/wp-json\/wp\/v2\/pages\/2\/revisions\/37"}],"wp:attachment":[{"href":"https:\/\/learnwebmastery.com\/en\/wp-json\/wp\/v2\/media?parent=2"}],"curies":[{"name":"wp","href":"https:\/\/api.w.org\/{rel}","templated":true}]}}